{"id":21,"date":"2025-01-16T02:38:16","date_gmt":"2025-01-16T02:38:16","guid":{"rendered":"https:\/\/done4umeals.com\/?page_id=21"},"modified":"2025-04-01T19:41:52","modified_gmt":"2025-04-01T19:41:52","slug":"about-us","status":"publish","type":"page","link":"https:\/\/done4umeals.com\/fr\/about-us\/","title":{"rendered":"\u00c0 propos de nous"},"content":{"rendered":"<div data-elementor-type=\"wp-page\" data-elementor-id=\"21\" class=\"elementor elementor-21\" data-elementor-post-type=\"page\">\n\t\t\t\t\t\t<section class=\"elementor-section elementor-top-section elementor-element elementor-element-26b9805 elementor-section-full_width elementor-section-height-min-height elementor-section-stretched elementor-section-height-default elementor-section-items-middle\" data-id=\"26b9805\" data-element_type=\"section\" data-e-type=\"section\" data-settings=\"{&quot;stretch_section&quot;:&quot;section-stretched&quot;,&quot;background_background&quot;:&quot;classic&quot;}\">\n\t\t\t\t\t\t<div class=\"elementor-container elementor-column-gap-no\">\n\t\t\t\t\t<div class=\"elementor-column elementor-col-100 elementor-top-column elementor-element elementor-element-6809417\" data-id=\"6809417\" data-element_type=\"column\" data-e-type=\"column\">\n\t\t\t<div class=\"elementor-widget-wrap elementor-element-populated\">\n\t\t\t\t\t\t<div class=\"elementor-element elementor-element-cb4a2a6 elementor-widget elementor-widget-heading\" data-id=\"cb4a2a6\" data-element_type=\"widget\" data-e-type=\"widget\" data-widget_type=\"heading.default\">\n\t\t\t\t\t<h2 class=\"elementor-heading-title elementor-size-default\">\u00c0 propos de nous<\/h2>\t\t\t\t<\/div>\n\t\t\t\t\t<\/div>\n\t\t<\/div>\n\t\t\t\t\t<\/div>\n\t\t<\/section>\n\t\t\t\t<section class=\"elementor-section elementor-top-section elementor-element elementor-element-1492f0bf elementor-section-boxed elementor-section-height-default elementor-section-height-default\" data-id=\"1492f0bf\" data-element_type=\"section\" data-e-type=\"section\" data-settings=\"{&quot;background_background&quot;:&quot;classic&quot;}\">\n\t\t\t\t\t\t<div class=\"elementor-container elementor-column-gap-no\">\n\t\t\t\t\t<div class=\"elementor-column elementor-col-50 elementor-top-column elementor-element elementor-element-41891e97\" data-id=\"41891e97\" data-element_type=\"column\" data-e-type=\"column\">\n\t\t\t<div class=\"elementor-widget-wrap elementor-element-populated\">\n\t\t\t\t\t\t<div class=\"elementor-element elementor-element-12ff1516 elementor-widget elementor-widget-image\" data-id=\"12ff1516\" data-element_type=\"widget\" data-e-type=\"widget\" data-widget_type=\"image.default\">\n\t\t\t\t\t\t\t\t\t\t\t\t\t\t\t<img fetchpriority=\"high\" decoding=\"async\" width=\"1080\" height=\"1350\" src=\"https:\/\/done4umeals.com\/wp-content\/uploads\/2025\/03\/1080x1350_about-us.jpg\" class=\"attachment-full size-full wp-image-2216\" alt=\"\" srcset=\"https:\/\/done4umeals.com\/wp-content\/uploads\/2025\/03\/1080x1350_about-us.jpg 1080w, https:\/\/done4umeals.com\/wp-content\/uploads\/2025\/03\/1080x1350_about-us-240x300.jpg 240w, https:\/\/done4umeals.com\/wp-content\/uploads\/2025\/03\/1080x1350_about-us-819x1024.jpg 819w, https:\/\/done4umeals.com\/wp-content\/uploads\/2025\/03\/1080x1350_about-us-768x960.jpg 768w, https:\/\/done4umeals.com\/wp-content\/uploads\/2025\/03\/1080x1350_about-us-600x750.jpg 600w, https:\/\/done4umeals.com\/wp-content\/uploads\/2025\/03\/1080x1350_about-us-64x80.jpg 64w\" sizes=\"(max-width: 1080px) 100vw, 1080px\" \/>\t\t\t\t\t\t\t\t\t\t\t\t\t\t\t<\/div>\n\t\t\t\t\t<\/div>\n\t\t<\/div>\n\t\t\t\t<div class=\"elementor-column elementor-col-50 elementor-top-column elementor-element elementor-element-2dfb9279\" data-id=\"2dfb9279\" data-element_type=\"column\" data-e-type=\"column\">\n\t\t\t<div class=\"elementor-widget-wrap elementor-element-populated\">\n\t\t\t\t\t\t<div class=\"elementor-element elementor-element-22ebd3fd elementor-widget elementor-widget-heading\" data-id=\"22ebd3fd\" data-element_type=\"widget\" data-e-type=\"widget\" data-widget_type=\"heading.default\">\n\t\t\t\t\t<h2 class=\"elementor-heading-title elementor-size-default\">Bienvenue<\/h2>\t\t\t\t<\/div>\n\t\t\t\t<div class=\"elementor-element elementor-element-38db7316 elementor-widget elementor-widget-text-editor\" data-id=\"38db7316\" data-element_type=\"widget\" data-e-type=\"widget\" data-widget_type=\"text-editor.default\">\n\t\t\t\t\t\t\t\t\t<p>Bienvenue sur le site de Done 4U Meals ! Au c\u0153ur de ma passion se trouve la nutrition saine, qui consiste \u00e0 aider les autres \u00e0 am\u00e9liorer leur sant\u00e9 et \u00e0 se sentir au mieux de leur forme gr\u00e2ce \u00e0 des aliments sains et riches en nutriments. Depuis des ann\u00e9es, je me consacre \u00e0 enseigner \u00e0 mes clients comment nourrir leur corps, mais j'ai souvent \u00e9t\u00e9 confront\u00e9e \u00e0 un probl\u00e8me : lorsqu'ils me demandaient des repas sains et pr\u00e9par\u00e9s \u00e0 l'avance, je n'arrivais pas \u00e0 leur recommander un service en lequel j'avais vraiment confiance.<\/p>\t\t\t\t\t\t\t\t<\/div>\n\t\t\t\t<div class=\"elementor-element elementor-element-3338e1a4 elementor-widget elementor-widget-text-editor\" data-id=\"3338e1a4\" data-element_type=\"widget\" data-e-type=\"widget\" data-widget_type=\"text-editor.default\">\n\t\t\t\t\t\t\t\t\t<p>Pouss\u00e9e par cette lacune du march\u00e9 et nourrie par mon amour pour l'industrie alimentaire, j'ai d\u00e9cid\u00e9 de cr\u00e9er une solution : un service qui fournirait des repas propres et pratiques \u00e0 ceux qui veulent manger sainement mais qui ont du mal \u00e0 trouver le temps de les pr\u00e9parer eux-m\u00eames. Dans un monde o\u00f9 tout va tr\u00e8s vite, o\u00f9 les emplois du temps charg\u00e9s rendent souvent l'alimentation saine hors de port\u00e9e, j'ai voulu rendre les repas nutritifs plus accessibles.<\/p>\t\t\t\t\t\t\t\t<\/div>\n\t\t\t\t<div class=\"elementor-element elementor-element-671457c8 elementor-widget elementor-widget-text-editor\" data-id=\"671457c8\" data-element_type=\"widget\" data-e-type=\"widget\" data-widget_type=\"text-editor.default\">\n\t\t\t\t\t\t\t\t\t<p>Pour concr\u00e9tiser cette vision, j'ai fait \u00e9quipe avec les experts culinaires Robert et Franco, qui ont des ann\u00e9es d'exp\u00e9rience dans la pr\u00e9paration de repas de haute qualit\u00e9 \u00e0 grande \u00e9chelle. Ensemble, nous avons cr\u00e9\u00e9 un service qui propose non seulement des repas sains et biologiques, mais aussi un service de traiteur pour les \u00e9v\u00e9nements et des desserts sains sur demande.<\/p>\t\t\t\t\t\t\t\t<\/div>\n\t\t\t\t<div class=\"elementor-element elementor-element-fd43f41 elementor-widget elementor-widget-text-editor\" data-id=\"fd43f41\" data-element_type=\"widget\" data-e-type=\"widget\" data-widget_type=\"text-editor.default\">\n\t\t\t\t\t\t\t\t\t<p>Aujourd'hui, avec l'aide de mes partenaires qui rendent cela possible, je suis fi\u00e8re de vous offrir des repas propres et d\u00e9licieux, pr\u00e9par\u00e9s avec les meilleurs ingr\u00e9dients et livr\u00e9s \u00e0 votre porte. Que vous ayez besoin de pr\u00e9parer vos repas quotidiens, d'un service de traiteur pour un \u00e9v\u00e9nement ou d'une g\u00e2terie sp\u00e9ciale, nous sommes l\u00e0 pour rendre le fait de bien manger simple et agr\u00e9able. - Mauro Simonetti<\/p>\t\t\t\t\t\t\t\t<\/div>\n\t\t\t\t<div class=\"elementor-element elementor-element-75cfb0aa elementor-mobile-align-center elementor-widget elementor-widget-button\" data-id=\"75cfb0aa\" data-element_type=\"widget\" data-e-type=\"widget\" data-widget_type=\"button.default\">\n\t\t\t\t\t\t\t\t\t\t<a class=\"elementor-button elementor-button-link elementor-size-sm\" href=\"https:\/\/done4umeals.com\/fr\/contact\/\">\n\t\t\t\t\t\t<span class=\"elementor-button-content-wrapper\">\n\t\t\t\t\t\t\t\t\t<span class=\"elementor-button-text\">Contact<\/span>\n\t\t\t\t\t<\/span>\n\t\t\t\t\t<\/a>\n\t\t\t\t\t\t\t\t<\/div>\n\t\t\t\t\t<\/div>\n\t\t<\/div>\n\t\t\t\t\t<\/div>\n\t\t<\/section>\n\t\t\t\t<section class=\"elementor-section elementor-top-section elementor-element elementor-element-58d4046c elementor-section-stretched elementor-section-height-min-height elementor-section-boxed elementor-section-height-default elementor-section-items-middle\" data-id=\"58d4046c\" data-element_type=\"section\" data-e-type=\"section\" data-settings=\"{&quot;stretch_section&quot;:&quot;section-stretched&quot;,&quot;background_background&quot;:&quot;classic&quot;}\">\n\t\t\t\t\t\t\t<div class=\"elementor-background-overlay\"><\/div>\n\t\t\t\t\t\t\t<div class=\"elementor-container elementor-column-gap-no\">\n\t\t\t\t\t<div class=\"elementor-column elementor-col-50 elementor-top-column elementor-element elementor-element-4746870a\" data-id=\"4746870a\" data-element_type=\"column\" data-e-type=\"column\">\n\t\t\t<div class=\"elementor-widget-wrap elementor-element-populated\">\n\t\t\t\t\t\t<div class=\"elementor-element elementor-element-ca12627 elementor-widget elementor-widget-heading\" data-id=\"ca12627\" data-element_type=\"widget\" data-e-type=\"widget\" data-widget_type=\"heading.default\">\n\t\t\t\t\t<h2 class=\"elementor-heading-title elementor-size-default\">Notre mission<\/h2>\t\t\t\t<\/div>\n\t\t\t\t<div class=\"elementor-element elementor-element-7d15210 elementor-widget elementor-widget-text-editor\" data-id=\"7d15210\" data-element_type=\"widget\" data-e-type=\"widget\" data-widget_type=\"text-editor.default\">\n\t\t\t\t\t\t\t\t\t<p>Chez Done 4U Meals, notre mission est de rendre accessible et facile une alimentation saine et nutritive. Nous proposons des repas sains, pr\u00e9par\u00e9s par des chefs cuisiniers \u00e0 partir des meilleurs ingr\u00e9dients et livr\u00e9s directement \u00e0 votre porte. Notre objectif est d'aider les personnes occup\u00e9es \u00e0 am\u00e9liorer leur sant\u00e9 et \u00e0 se sentir au mieux de leur forme en leur proposant des options pratiques et d\u00e9licieuses qui nourrissent le corps et l'esprit. Qu'il s'agisse de pr\u00e9parer des repas quotidiens, d'organiser des \u00e9v\u00e9nements ou de se faire plaisir, nous sommes l\u00e0 pour rendre l'alimentation simple, agr\u00e9able et durable, quel que soit le mode de vie.<\/p>\t\t\t\t\t\t\t\t<\/div>\n\t\t\t\t\t<\/div>\n\t\t<\/div>\n\t\t\t\t<div class=\"elementor-column elementor-col-50 elementor-top-column elementor-element elementor-element-3fedf446\" data-id=\"3fedf446\" data-element_type=\"column\" data-e-type=\"column\">\n\t\t\t<div class=\"elementor-widget-wrap\">\n\t\t\t\t\t\t\t<\/div>\n\t\t<\/div>\n\t\t\t\t\t<\/div>\n\t\t<\/section>\n\t\t\t\t<section class=\"elementor-section elementor-top-section elementor-element elementor-element-ed50fd7 elementor-section-boxed elementor-section-height-default elementor-section-height-default\" data-id=\"ed50fd7\" data-element_type=\"section\" data-e-type=\"section\">\n\t\t\t\t\t\t<div class=\"elementor-container elementor-column-gap-no\">\n\t\t\t\t\t<div class=\"elementor-column elementor-col-100 elementor-top-column elementor-element elementor-element-8f0bbb9\" data-id=\"8f0bbb9\" data-element_type=\"column\" data-e-type=\"column\">\n\t\t\t<div class=\"elementor-widget-wrap elementor-element-populated\">\n\t\t\t\t\t\t<div class=\"elementor-element elementor-element-5775fe9 elementor-widget elementor-widget-heading\" data-id=\"5775fe9\" data-element_type=\"widget\" data-e-type=\"widget\" data-widget_type=\"heading.default\">\n\t\t\t\t\t<h2 class=\"elementor-heading-title elementor-size-default\"> Rencontrez Mauro<\/h2>\t\t\t\t<\/div>\n\t\t\t\t<section class=\"elementor-section elementor-inner-section elementor-element elementor-element-89cdfdd elementor-section-full_width elementor-section-height-default elementor-section-height-default\" data-id=\"89cdfdd\" data-element_type=\"section\" data-e-type=\"section\">\n\t\t\t\t\t\t<div class=\"elementor-container elementor-column-gap-no\">\n\t\t\t\t\t<div class=\"elementor-column elementor-col-50 elementor-inner-column elementor-element elementor-element-04840c0\" data-id=\"04840c0\" data-element_type=\"column\" data-e-type=\"column\">\n\t\t\t<div class=\"elementor-widget-wrap elementor-element-populated\">\n\t\t\t\t\t\t<div class=\"elementor-element elementor-element-36370db elementor-widget elementor-widget-image\" data-id=\"36370db\" data-element_type=\"widget\" data-e-type=\"widget\" data-widget_type=\"image.default\">\n\t\t\t\t\t\t\t\t\t\t\t\t\t\t\t<img decoding=\"async\" width=\"819\" height=\"1024\" src=\"https:\/\/done4umeals.com\/wp-content\/uploads\/2025\/03\/1080x1350_mauro-819x1024.jpg\" class=\"attachment-large size-large wp-image-2220\" alt=\"\" srcset=\"https:\/\/done4umeals.com\/wp-content\/uploads\/2025\/03\/1080x1350_mauro-819x1024.jpg 819w, https:\/\/done4umeals.com\/wp-content\/uploads\/2025\/03\/1080x1350_mauro-240x300.jpg 240w, https:\/\/done4umeals.com\/wp-content\/uploads\/2025\/03\/1080x1350_mauro-768x960.jpg 768w, https:\/\/done4umeals.com\/wp-content\/uploads\/2025\/03\/1080x1350_mauro-600x750.jpg 600w, https:\/\/done4umeals.com\/wp-content\/uploads\/2025\/03\/1080x1350_mauro-64x80.jpg 64w, https:\/\/done4umeals.com\/wp-content\/uploads\/2025\/03\/1080x1350_mauro.jpg 1080w\" sizes=\"(max-width: 819px) 100vw, 819px\" \/>\t\t\t\t\t\t\t\t\t\t\t\t\t\t\t<\/div>\n\t\t\t\t\t<\/div>\n\t\t<\/div>\n\t\t\t\t<div class=\"elementor-column elementor-col-50 elementor-inner-column elementor-element elementor-element-8fc6df3\" data-id=\"8fc6df3\" data-element_type=\"column\" data-e-type=\"column\">\n\t\t\t<div class=\"elementor-widget-wrap elementor-element-populated\">\n\t\t\t\t\t\t<div class=\"elementor-element elementor-element-f9a56f9 elementor-widget elementor-widget-heading\" data-id=\"f9a56f9\" data-element_type=\"widget\" data-e-type=\"widget\" data-widget_type=\"heading.default\">\n\t\t\t\t\t<h2 class=\"elementor-heading-title elementor-size-default\">Mauro Simonetti N.D., C.F.N.C, LMT, K.in. &amp;<br> Entra\u00eeneur de force et de condition<br> physique certifi\u00e9 par Poliquin<\/h2>\t\t\t\t<\/div>\n\t\t\t\t<div class=\"elementor-element elementor-element-710235c elementor-widget elementor-widget-text-editor\" data-id=\"710235c\" data-element_type=\"widget\" data-e-type=\"widget\" data-widget_type=\"text-editor.default\">\n\t\t\t\t\t\t\t\t\t<p>Mauro Simonetti est un naturopathe exp\u00e9riment\u00e9 (N.D.) avec une expertise dans plusieurs domaines, y compris la science de la nutrition (Stanford University), la th\u00e9rapie de conditionnement physique, la modulation hormonale BioSignature (niveau 2), la force et le conditionnement (PICP niveau 2), et la th\u00e9rapie de massage licenci\u00e9e. Il est consultant pour Nutritional Fundamentals for Health (NFH) dans tout le Qu\u00e9bec. Avec des ann\u00e9es d'exp\u00e9rience sportive dans le hockey, le soccer et les arts martiaux, Mauro a d\u00e9velopp\u00e9 des m\u00e9thodes novatrices en mati\u00e8re d'\u00e9quilibre structurel, d'\u00e9valuation de l'exercice, de planification nutritionnelle, d'enseignement du conditionnement physique et de produits nutraceutiques.<\/p>\t\t\t\t\t\t\t\t<\/div>\n\t\t\t\t<div class=\"elementor-element elementor-element-5834402 elementor-widget elementor-widget-text-editor\" data-id=\"5834402\" data-element_type=\"widget\" data-e-type=\"widget\" data-widget_type=\"text-editor.default\">\n\t\t\t\t\t\t\t\t\t<p>Il a aid\u00e9 des milliers de clients et a \u00e9t\u00e9 invit\u00e9 \u00e0 cr\u00e9er l'Advanced Naturopathy Institute of Montreal, la premi\u00e8re \u00e9cole de naturopathie en ligne de langue anglaise de la ville. Mauro anime r\u00e9guli\u00e8rement des s\u00e9minaires et des ateliers pour des clients personnels et d'entreprise, des coachs et des praticiens. Sa passion reste de guider les individus vers une vie plus saine et un avenir plus radieux.<\/p>\t\t\t\t\t\t\t\t<\/div>\n\t\t\t\t\t<\/div>\n\t\t<\/div>\n\t\t\t\t\t<\/div>\n\t\t<\/section>\n\t\t\t\t\t<\/div>\n\t\t<\/div>\n\t\t\t\t\t<\/div>\n\t\t<\/section>\n\t\t\t\t<\/div>","protected":false},"excerpt":{"rendered":"<p>About Us Welcome Welcome to Done 4U Meals! At the heart of my passion is clean nutrition, helping others improve [&hellip;]<\/p>","protected":false},"author":2,"featured_media":0,"parent":0,"menu_order":0,"comment_status":"closed","ping_status":"closed","template":"","meta":{"site-sidebar-layout":"no-sidebar","site-content-layout":"","ast-site-content-layout":"full-width-container","site-content-style":"default","site-sidebar-style":"default","ast-global-header-display":"","ast-banner-title-visibility":"","ast-main-header-display":"","ast-hfb-above-header-display":"","ast-hfb-below-header-display":"","ast-hfb-mobile-header-display":"","site-post-title":"disabled","ast-breadcrumbs-content":"","ast-featured-img":"disabled","footer-sml-layout":"","theme-transparent-header-meta":"","adv-header-id-meta":"","stick-header-meta":"","header-above-stick-meta":"","header-main-stick-meta":"","header-below-stick-meta":"","astra-migrate-meta-layouts":"default","ast-page-background-enabled":"default","ast-page-background-meta":{"desktop":{"background-color":"var(--ast-global-color-5)","background-image":"","background-repeat":"repeat","background-position":"center center","background-size":"auto","background-attachment":"scroll","background-type":"","background-media":"","overlay-type":"","overlay-color":"","overlay-opacity":"","overlay-gradient":""},"tablet":{"background-color":"","background-image":"","background-repeat":"repeat","background-position":"center center","background-size":"auto","background-attachment":"scroll","background-type":"","background-media":"","overlay-type":"","overlay-color":"","overlay-opacity":"","overlay-gradient":""},"mobile":{"background-color":"","background-image":"","background-repeat":"repeat","background-position":"center center","background-size":"auto","background-attachment":"scroll","background-type":"","background-media":"","overlay-type":"","overlay-color":"","overlay-opacity":"","overlay-gradient":""}},"ast-content-background-meta":{"desktop":{"background-color":"var(--ast-global-color-4)","background-image":"","background-repeat":"repeat","background-position":"center center","background-size":"auto","background-attachment":"scroll","background-type":"","background-media":"","overlay-type":"","overlay-color":"","overlay-opacity":"","overlay-gradient":""},"tablet":{"background-color":"var(--ast-global-color-4)","background-image":"","background-repeat":"repeat","background-position":"center center","background-size":"auto","background-attachment":"scroll","background-type":"","background-media":"","overlay-type":"","overlay-color":"","overlay-opacity":"","overlay-gradient":""},"mobile":{"background-color":"var(--ast-global-color-4)","background-image":"","background-repeat":"repeat","background-position":"center center","background-size":"auto","background-attachment":"scroll","background-type":"","background-media":"","overlay-type":"","overlay-color":"","overlay-opacity":"","overlay-gradient":""}},"footnotes":""},"class_list":["post-21","page","type-page","status-publish","hentry"],"_links":{"self":[{"href":"https:\/\/done4umeals.com\/fr\/wp-json\/wp\/v2\/pages\/21","targetHints":{"allow":["GET"]}}],"collection":[{"href":"https:\/\/done4umeals.com\/fr\/wp-json\/wp\/v2\/pages"}],"about":[{"href":"https:\/\/done4umeals.com\/fr\/wp-json\/wp\/v2\/types\/page"}],"author":[{"embeddable":true,"href":"https:\/\/done4umeals.com\/fr\/wp-json\/wp\/v2\/users\/2"}],"replies":[{"embeddable":true,"href":"https:\/\/done4umeals.com\/fr\/wp-json\/wp\/v2\/comments?post=21"}],"version-history":[{"count":269,"href":"https:\/\/done4umeals.com\/fr\/wp-json\/wp\/v2\/pages\/21\/revisions"}],"predecessor-version":[{"id":2406,"href":"https:\/\/done4umeals.com\/fr\/wp-json\/wp\/v2\/pages\/21\/revisions\/2406"}],"wp:attachment":[{"href":"https:\/\/done4umeals.com\/fr\/wp-json\/wp\/v2\/media?parent=21"}],"curies":[{"name":"wp","href":"https:\/\/api.w.org\/{rel}","templated":true}]}}