{"id":467,"date":"2025-01-16T06:56:02","date_gmt":"2025-01-16T06:56:02","guid":{"rendered":"https:\/\/done4umeals.com\/?post_type=product&#038;p=467"},"modified":"2025-04-11T16:49:31","modified_gmt":"2025-04-11T20:49:31","slug":"chocolate-cream-pie","status":"publish","type":"product","link":"https:\/\/done4umeals.com\/fr\/produit\/chocolate-cream-pie\/","title":{"rendered":"TARTE \u00c0 LA CR\u00c8ME AU CHOCOLAT"},"content":{"rendered":"<h4><strong>Cro\u00fbte :<\/strong><\/h4>\n\n<table id=\"tablepress-13\" class=\"tablepress tablepress-id-13\">\n<thead>\n<tr class=\"row-1\">\n\t<th class=\"column-1\"><strong>INGR\u00c9DIENTS<\/strong><\/th>\n<\/tr>\n<\/thead>\n<tbody class=\"row-striping row-hover\">\n<tr class=\"row-2\">\n\t<td class=\"column-1\">DATES MEDJOOL<\/td>\n<\/tr>\n<tr class=\"row-3\">\n\t<td class=\"column-1\">AMANDES, HACH\u00c9ES COARSEY<\/td>\n<\/tr>\n<tr class=\"row-4\">\n\t<td class=\"column-1\">NOIX DE P\u00c9CAN, HACH\u00c9ES COARSEY<\/td>\n<\/tr>\n<tr class=\"row-5\">\n\t<td class=\"column-1\">NOIX DE COCO S\u00c9CH\u00c9E, R\u00c2P\u00c9E ET NON SUCR\u00c9E<\/td>\n<\/tr>\n<tr class=\"row-6\">\n\t<td class=\"column-1\">HUILE DE NOIX DE COCO<\/td>\n<\/tr>\n<tr class=\"row-7\">\n\t<td class=\"column-1\">SEL<\/td>\n<\/tr>\n<\/tbody>\n<\/table>\n\n<h4><strong>Garniture :<\/strong><\/h4>\n\n<table id=\"tablepress-14\" class=\"tablepress tablepress-id-14\">\n<thead>\n<tr class=\"row-1\">\n\t<th class=\"column-1\"><strong>INGR\u00c9DIENTS<\/strong><\/th>\n<\/tr>\n<\/thead>\n<tbody class=\"row-striping row-hover\">\n<tr class=\"row-2\">\n\t<td class=\"column-1\">LAIT DE COCONUT<\/td>\n<\/tr>\n<tr class=\"row-3\">\n\t<td class=\"column-1\">EAU<\/td>\n<\/tr>\n<tr class=\"row-4\">\n\t<td class=\"column-1\">NOIX DE CAJOU<\/td>\n<\/tr>\n<tr class=\"row-5\">\n\t<td class=\"column-1\">SIROP D'\u00c9RABLE<\/td>\n<\/tr>\n<tr class=\"row-6\">\n\t<td class=\"column-1\">HUILE DE NOIX DE COCO<\/td>\n<\/tr>\n<tr class=\"row-7\">\n\t<td class=\"column-1\">VANILLE<\/td>\n<\/tr>\n<tr class=\"row-8\">\n\t<td class=\"column-1\">POUDRE DE COCOA<\/td>\n<\/tr>\n<\/tbody>\n<\/table>","protected":false},"excerpt":{"rendered":"<p><span style=\"font-weight: 400;\">6- 8 PPL<\/span><\/p>","protected":false},"featured_media":2674,"template":"","meta":{"site-sidebar-layout":"default","site-content-layout":"","ast-site-content-layout":"default","site-content-style":"default","site-sidebar-style":"default","ast-global-header-display":"","ast-banner-title-visibility":"","ast-main-header-display":"","ast-hfb-above-header-display":"","ast-hfb-below-header-display":"","ast-hfb-mobile-header-display":"","site-post-title":"","ast-breadcrumbs-content":"","ast-featured-img":"","footer-sml-layout":"","theme-transparent-header-meta":"default","adv-header-id-meta":"","stick-header-meta":"","header-above-stick-meta":"","header-main-stick-meta":"","header-below-stick-meta":"","astra-migrate-meta-layouts":"set","ast-page-background-enabled":"default","ast-page-background-meta":{"desktop":{"background-color":"var(--ast-global-color-5)","background-image":"","background-repeat":"repeat","background-position":"center center","background-size":"auto","background-attachment":"scroll","background-type":"","background-media":"","overlay-type":"","overlay-color":"","overlay-opacity":"","overlay-gradient":""},"tablet":{"background-color":"","background-image":"","background-repeat":"repeat","background-position":"center center","background-size":"auto","background-attachment":"scroll","background-type":"","background-media":"","overlay-type":"","overlay-color":"","overlay-opacity":"","overlay-gradient":""},"mobile":{"background-color":"","background-image":"","background-repeat":"repeat","background-position":"center center","background-size":"auto","background-attachment":"scroll","background-type":"","background-media":"","overlay-type":"","overlay-color":"","overlay-opacity":"","overlay-gradient":""}},"ast-content-background-meta":{"desktop":{"background-color":"var(--ast-global-color-4)","background-image":"","background-repeat":"repeat","background-position":"center center","background-size":"auto","background-attachment":"scroll","background-type":"","background-media":"","overlay-type":"","overlay-color":"","overlay-opacity":"","overlay-gradient":""},"tablet":{"background-color":"var(--ast-global-color-4)","background-image":"","background-repeat":"repeat","background-position":"center center","background-size":"auto","background-attachment":"scroll","background-type":"","background-media":"","overlay-type":"","overlay-color":"","overlay-opacity":"","overlay-gradient":""},"mobile":{"background-color":"var(--ast-global-color-4)","background-image":"","background-repeat":"repeat","background-position":"center center","background-size":"auto","background-attachment":"scroll","background-type":"","background-media":"","overlay-type":"","overlay-color":"","overlay-opacity":"","overlay-gradient":""}}},"product_brand":[],"product_cat":[35],"product_tag":[],"class_list":{"0":"post-467","1":"product","2":"type-product","3":"status-publish","4":"has-post-thumbnail","6":"product_cat-desserts","7":"desktop-align-left","8":"tablet-align-left","9":"mobile-align-left","11":"first","12":"instock","13":"taxable","14":"shipping-taxable","15":"purchasable","16":"product-type-simple"},"_links":{"self":[{"href":"https:\/\/done4umeals.com\/fr\/wp-json\/wp\/v2\/product\/467","targetHints":{"allow":["GET"]}}],"collection":[{"href":"https:\/\/done4umeals.com\/fr\/wp-json\/wp\/v2\/product"}],"about":[{"href":"https:\/\/done4umeals.com\/fr\/wp-json\/wp\/v2\/types\/product"}],"wp:featuredmedia":[{"embeddable":true,"href":"https:\/\/done4umeals.com\/fr\/wp-json\/wp\/v2\/media\/2674"}],"wp:attachment":[{"href":"https:\/\/done4umeals.com\/fr\/wp-json\/wp\/v2\/media?parent=467"}],"wp:term":[{"taxonomy":"product_brand","embeddable":true,"href":"https:\/\/done4umeals.com\/fr\/wp-json\/wp\/v2\/product_brand?post=467"},{"taxonomy":"product_cat","embeddable":true,"href":"https:\/\/done4umeals.com\/fr\/wp-json\/wp\/v2\/product_cat?post=467"},{"taxonomy":"product_tag","embeddable":true,"href":"https:\/\/done4umeals.com\/fr\/wp-json\/wp\/v2\/product_tag?post=467"}],"curies":[{"name":"wp","href":"https:\/\/api.w.org\/{rel}","templated":true}]}}